{"id":17,"date":"2020-02-16T10:32:00","date_gmt":"2020-02-16T10:32:00","guid":{"rendered":"https:\/\/gujer-treuhand.ch\/?page_id=17"},"modified":"2026-04-13T12:26:34","modified_gmt":"2026-04-13T12:26:34","slug":"startseite","status":"publish","type":"page","link":"https:\/\/gujer-treuhand.ch\/","title":{"rendered":"Ben\u00f6tigen Sie Unterst\u00fctzung?"},"content":{"rendered":"\n<p>Ich unterst\u00fctze Sie gezielt in \u00dcbergangs- oder Engpasssituationen: effizient, zuverl\u00e4ssig und mit minimalem Einarbeitungsaufwand. Dank meiner langj\u00e4hrigen F\u00fchrung eines eigenen Treuhandunternehmens bin ich es gewohnt, Verantwortung zu \u00fcbernehmen, Priorit\u00e4ten sicher zu setzen und mich rasch in neue Mandate sowie bestehende Strukturen einzuarbeiten. Mein Fokus liegt darauf, Ihr Team sp\u00fcrbar zu entlasten und die kontinuierliche Betreuung Ihrer Mandate jederzeit sicherzustellen \u2013 bis Sie Ihre langfristige L\u00f6sung gefunden haben.<\/p>\n\n\n\n<p>Kurzprofil:<\/p>\n\n\n\n<ul>\n<li>\u00dcber 20 Jahre Erfahrung im Finanz- und Rechnungswesen sowie in der Unternehmensberatung<\/li>\n\n\n\n<li>Spezialisierung auf KMU, Bauprojekte und komplexe Strukturen<\/li>\n\n\n\n<li>Unternehmerisches, l\u00f6sungsorientiertes Denken mit ausgepr\u00e4gter Kundenorientierung<\/li>\n\n\n\n<li>Hohe Sozialkompetenz und Kommunikationsst\u00e4rke<\/li>\n\n\n\n<li>Selbst\u00e4ndige, verantwortungsbewusste Arbeitsweise<\/li>\n\n\n\n<li>Mehrsprachig und flexibel einsetzbar<\/li>\n<\/ul>\n\n\n\n<figure class=\"wp-block-image size-large\"><img decoding=\"async\" loading=\"lazy\" width=\"780\" height=\"1024\" src=\"https:\/\/gujer-treuhand.ch\/wp-content\/uploads\/2020\/04\/ChristineGujer-1-780x1024.jpg\" alt=\"Gujer Treuhand GmbH - Inhaberin Christine Gujer\" class=\"wp-image-111\" srcset=\"https:\/\/gujer-treuhand.ch\/wp-content\/uploads\/2020\/04\/ChristineGujer-1-780x1024.jpg 780w, https:\/\/gujer-treuhand.ch\/wp-content\/uploads\/2020\/04\/ChristineGujer-1-229x300.jpg 229w, https:\/\/gujer-treuhand.ch\/wp-content\/uploads\/2020\/04\/ChristineGujer-1-768x1008.jpg 768w, https:\/\/gujer-treuhand.ch\/wp-content\/uploads\/2020\/04\/ChristineGujer-1-1170x1536.jpg 1170w, https:\/\/gujer-treuhand.ch\/wp-content\/uploads\/2020\/04\/ChristineGujer-1-1560x2048.jpg 1560w, https:\/\/gujer-treuhand.ch\/wp-content\/uploads\/2020\/04\/ChristineGujer-1.jpg 1745w\" sizes=\"(max-width: 706px) 89vw, (max-width: 767px) 82vw, 740px\" \/><\/figure>\n","protected":false},"excerpt":{"rendered":"<p>Ich unterst\u00fctze Sie gezielt in \u00dcbergangs- oder Engpasssituationen: effizient, zuverl\u00e4ssig und mit minimalem Einarbeitungsaufwand. Dank meiner langj\u00e4hrigen F\u00fchrung eines eigenen Treuhandunternehmens bin ich es gewohnt, Verantwortung zu \u00fcbernehmen, Priorit\u00e4ten sicher zu setzen und mich rasch in neue Mandate sowie bestehende Strukturen einzuarbeiten. Mein Fokus liegt darauf, Ihr Team sp\u00fcrbar zu entlasten und die kontinuierliche Betreuung &hellip; <\/p>\n<p class=\"link-more\"><a href=\"https:\/\/gujer-treuhand.ch\/\" class=\"more-link\"><span class=\"screen-reader-text\">\u201eBen\u00f6tigen Sie Unterst\u00fctzung?\u201c<\/span> weiterlesen<\/a><\/p>\n","protected":false},"author":1,"featured_media":0,"parent":0,"menu_order":0,"comment_status":"closed","ping_status":"closed","template":"","meta":{"footnotes":"[]"},"_links":{"self":[{"href":"https:\/\/gujer-treuhand.ch\/index.php\/wp-json\/wp\/v2\/pages\/17"}],"collection":[{"href":"https:\/\/gujer-treuhand.ch\/index.php\/wp-json\/wp\/v2\/pages"}],"about":[{"href":"https:\/\/gujer-treuhand.ch\/index.php\/wp-json\/wp\/v2\/types\/page"}],"author":[{"embeddable":true,"href":"https:\/\/gujer-treuhand.ch\/index.php\/wp-json\/wp\/v2\/users\/1"}],"replies":[{"embeddable":true,"href":"https:\/\/gujer-treuhand.ch\/index.php\/wp-json\/wp\/v2\/comments?post=17"}],"version-history":[{"count":10,"href":"https:\/\/gujer-treuhand.ch\/index.php\/wp-json\/wp\/v2\/pages\/17\/revisions"}],"predecessor-version":[{"id":148,"href":"https:\/\/gujer-treuhand.ch\/index.php\/wp-json\/wp\/v2\/pages\/17\/revisions\/148"}],"wp:attachment":[{"href":"https:\/\/gujer-treuhand.ch\/index.php\/wp-json\/wp\/v2\/media?parent=17"}],"curies":[{"name":"wp","href":"https:\/\/api.w.org\/{rel}","templated":true}]}}